{"id":13,"date":"2023-01-27T14:49:20","date_gmt":"2023-01-27T14:49:20","guid":{"rendered":"https:\/\/fmc.is\/?page_id=13"},"modified":"2023-02-14T09:28:53","modified_gmt":"2023-02-14T09:28:53","slug":"radgjof-og-thjonusta","status":"publish","type":"page","link":"https:\/\/fmc.is\/index.php\/radgjof-og-thjonusta\/","title":{"rendered":"R\u00e1\u00f0gj\u00f6f og \u00fej\u00f3nusta"},"content":{"rendered":"<p>\u00deessi s\u00ed\u00f0a er \u00ed vinnslu<\/p>\n","protected":false},"excerpt":{"rendered":"<p>\u00deessi s\u00ed\u00f0a er \u00ed vinnslu<\/p>\n","protected":false},"author":1,"featured_media":0,"parent":0,"menu_order":0,"comment_status":"closed","ping_status":"closed","template":"","meta":{"footnotes":""},"class_list":["post-13","page","type-page","status-publish","hentry"],"_links":{"self":[{"href":"https:\/\/fmc.is\/index.php\/wp-json\/wp\/v2\/pages\/13","targetHints":{"allow":["GET"]}}],"collection":[{"href":"https:\/\/fmc.is\/index.php\/wp-json\/wp\/v2\/pages"}],"about":[{"href":"https:\/\/fmc.is\/index.php\/wp-json\/wp\/v2\/types\/page"}],"author":[{"embeddable":true,"href":"https:\/\/fmc.is\/index.php\/wp-json\/wp\/v2\/users\/1"}],"replies":[{"embeddable":true,"href":"https:\/\/fmc.is\/index.php\/wp-json\/wp\/v2\/comments?post=13"}],"version-history":[{"count":1,"href":"https:\/\/fmc.is\/index.php\/wp-json\/wp\/v2\/pages\/13\/revisions"}],"predecessor-version":[{"id":14,"href":"https:\/\/fmc.is\/index.php\/wp-json\/wp\/v2\/pages\/13\/revisions\/14"}],"wp:attachment":[{"href":"https:\/\/fmc.is\/index.php\/wp-json\/wp\/v2\/media?parent=13"}],"curies":[{"name":"wp","href":"https:\/\/api.w.org\/{rel}","templated":true}]}}