{"id":2,"date":"2023-01-27T13:39:59","date_gmt":"2023-01-27T13:39:59","guid":{"rendered":"https:\/\/fmc.is\/?page_id=2"},"modified":"2023-01-27T14:47:46","modified_gmt":"2023-01-27T14:47:46","slug":"um","status":"publish","type":"page","link":"https:\/\/fmc.is\/index.php\/um\/","title":{"rendered":"Um okkur"},"content":{"rendered":"<p>\u00deessi s\u00ed\u00f0a er \u00ed vinnslu&#8230;<\/p>\n","protected":false},"excerpt":{"rendered":"<p>\u00deessi s\u00ed\u00f0a er \u00ed vinnslu&#8230;<\/p>\n","protected":false},"author":1,"featured_media":0,"parent":0,"menu_order":0,"comment_status":"closed","ping_status":"open","template":"","meta":{"footnotes":""},"class_list":["post-2","page","type-page","status-publish","hentry"],"_links":{"self":[{"href":"https:\/\/fmc.is\/index.php\/wp-json\/wp\/v2\/pages\/2","targetHints":{"allow":["GET"]}}],"collection":[{"href":"https:\/\/fmc.is\/index.php\/wp-json\/wp\/v2\/pages"}],"about":[{"href":"https:\/\/fmc.is\/index.php\/wp-json\/wp\/v2\/types\/page"}],"author":[{"embeddable":true,"href":"https:\/\/fmc.is\/index.php\/wp-json\/wp\/v2\/users\/1"}],"replies":[{"embeddable":true,"href":"https:\/\/fmc.is\/index.php\/wp-json\/wp\/v2\/comments?post=2"}],"version-history":[{"count":3,"href":"https:\/\/fmc.is\/index.php\/wp-json\/wp\/v2\/pages\/2\/revisions"}],"predecessor-version":[{"id":12,"href":"https:\/\/fmc.is\/index.php\/wp-json\/wp\/v2\/pages\/2\/revisions\/12"}],"wp:attachment":[{"href":"https:\/\/fmc.is\/index.php\/wp-json\/wp\/v2\/media?parent=2"}],"curies":[{"name":"wp","href":"https:\/\/api.w.org\/{rel}","templated":true}]}}